{"id":45,"date":"2025-09-22T10:48:47","date_gmt":"2025-09-22T08:48:47","guid":{"rendered":"https:\/\/auvergne.theelthub.com\/?page_id=45"},"modified":"2026-03-05T19:14:20","modified_gmt":"2026-03-05T18:14:20","slug":"la-region","status":"publish","type":"page","link":"https:\/\/auvergne.theelthub.com\/fr\/la-region\/","title":{"rendered":"La R\u00e9gion"},"content":{"rendered":"<div class=\"wp-block-group carousel-head-pages has-global-padding is-layout-constrained wp-container-core-group-is-layout-8dd13e6d wp-block-group-is-layout-constrained\" style=\"padding-right:var(--wp--preset--spacing--60);padding-left:var(--wp--preset--spacing--60)\">\n<div class=\"wp-block-gutsliders-photo-carousel gutslider-a0742596 nav_outside nav_cc has__pagination\" data-swiper-options=\"{&quot;slidesPerView&quot;:1,&quot;spaceBetween&quot;:0,&quot;loop&quot;:true,&quot;autoplay&quot;:{&quot;delay&quot;:1000,&quot;pauseOnMouseEnter&quot;:true,&quot;stopOnLastSlide&quot;:false,&quot;reverseDirection&quot;:false},&quot;speed&quot;:800,&quot;effect&quot;:&quot;slide&quot;,&quot;keyboard&quot;:{&quot;enabled&quot;:false},&quot;mousewheel&quot;:false,&quot;breakpoints&quot;:{&quot;320&quot;:{&quot;slidesPerView&quot;:1,&quot;spaceBetween&quot;:0},&quot;768&quot;:{&quot;slidesPerView&quot;:2,&quot;spaceBetween&quot;:15},&quot;1025&quot;:{&quot;slidesPerView&quot;:&quot;1&quot;,&quot;spaceBetween&quot;:15}},&quot;navigation&quot;:{&quot;nextEl&quot;:&quot;.gutslider-a0742596 .swiper-button-next&quot;,&quot;prevEl&quot;:&quot;.gutslider-a0742596 .swiper-button-prev&quot;},&quot;pagination&quot;:{&quot;el&quot;:&quot;.gutslider-a0742596 .swiper-pagination&quot;,&quot;type&quot;:&quot;bullets&quot;,&quot;dynamicBullets&quot;:false,&quot;clickable&quot;:true}}\"><div class=\"swiper\"><div class=\"swiper-wrapper\"><div class=\"swiper-slide\"><div class=\"swiper-container-outer none\"><img decoding=\"async\" src=\"http:\/\/auvergne.theelthub.com\/wp-content\/uploads\/sites\/5\/2025\/09\/The-region-auvergne_8.jpg\" alt=\"La r\u00e9gion Auvergne\"\/><\/div><\/div><div class=\"swiper-slide\"><div class=\"swiper-container-outer none\"><img decoding=\"async\" src=\"http:\/\/auvergne.theelthub.com\/wp-content\/uploads\/sites\/5\/2025\/09\/The-region-auvergne_1.jpg\" alt=\"La r\u00e9gion Auvergne\"\/><\/div><\/div><div class=\"swiper-slide\"><div class=\"swiper-container-outer none\"><img decoding=\"async\" src=\"http:\/\/auvergne.theelthub.com\/wp-content\/uploads\/sites\/5\/2025\/09\/The-region-auvergne_7.jpg\" alt=\"La r\u00e9gion Auvergne\"\/><\/div><\/div><div class=\"swiper-slide\"><div class=\"swiper-container-outer none\"><img decoding=\"async\" src=\"http:\/\/auvergne.theelthub.com\/wp-content\/uploads\/sites\/5\/2025\/09\/The-region-auvergne_2.jpg\" alt=\"La r\u00e9gion Auvergne\"\/><\/div><\/div><div class=\"swiper-slide\"><div class=\"swiper-container-outer none\"><img decoding=\"async\" src=\"http:\/\/auvergne.theelthub.com\/wp-content\/uploads\/sites\/5\/2025\/09\/chateau-lavoute-sur-loire-credit-photo-luc-olivier_The-region-auvergne_4.jpg\" alt=\"La r\u00e9gion Auvergne\"\/><\/div><\/div><div class=\"swiper-slide\"><div class=\"swiper-container-outer none\"><img decoding=\"async\" src=\"http:\/\/auvergne.theelthub.com\/wp-content\/uploads\/sites\/5\/2025\/09\/Corboeuf-auvergne_3.jpg\" alt=\"La r\u00e9gion Auvergne\"\/><\/div><\/div><div class=\"swiper-slide\"><div class=\"swiper-container-outer none\"><img decoding=\"async\" src=\"http:\/\/auvergne.theelthub.com\/wp-content\/uploads\/sites\/5\/2025\/09\/The-region-auvergne_5.jpg\" alt=\"La r\u00e9gion Auvergne\"\/><\/div><\/div><div class=\"swiper-slide\"><div class=\"swiper-container-outer none\"><img decoding=\"async\" src=\"http:\/\/auvergne.theelthub.com\/wp-content\/uploads\/sites\/5\/2025\/09\/The-region-auvergne_6.jpg\" alt=\"La r\u00e9gion Auvergne\"\/><\/div><\/div><div class=\"swiper-slide\"><div class=\"swiper-container-outer none\"><img decoding=\"async\" src=\"http:\/\/auvergne.theelthub.com\/wp-content\/uploads\/sites\/5\/2025\/09\/The-region-auvergne_9.jpg\" alt=\"La r\u00e9gion Auvergne\"\/><\/div><\/div><\/div><\/div><div class=\"swiper-pagination\"><\/div><div class=\"gutslider-nav nav_outside nav_cc\"><div class=\"swiper-button-prev\"><\/div><div class=\"swiper-button-next\"><\/div><\/div><\/div>\n<\/div>\n\n\n\n<h1 class=\"wp-block-heading has-text-align-center\" style=\"margin-top:var(--wp--preset--spacing--60);margin-bottom:var(--wp--preset--spacing--50)\">La R\u00e9gion<\/h1>\n\n\n\n<h2 class=\"wp-block-heading\">La ville et la r\u00e9gion environnante<\/h2>\n\n\n\n<p>On vient en Auvergne pour ses vastes espaces, sa nature magnifique et sa culture authentique. Que vous souhaitiez chausser vos chaussures de randonn\u00e9e, descendre une rivi\u00e8re sauvage en cano\u00eb ou simplement vous r\u00e9fugier dans une auberge de campagne, vous vous sentirez bien en Auvergne. L\u2019histoire de France est pr\u00e9sente \u00e0 chaque coin de rue et, confortablement install\u00e9s dans notre centre CELTA, nous la ressentons pleinement.<\/p>\n\n\n\n<p>Au Puy, vous pourrez fl\u00e2ner au march\u00e9 local pour faire vos courses et croiserez probablement des p\u00e8lerins en chemin, car c\u2019est aussi le carrefour des p\u00e8lerins venant de Suisse et d\u2019Europe du Nord en route vers Saint-Jacques-de-Compostelle. Apr\u00e8s la pratique, il est agr\u00e9able de se retrouver autour d\u2019une table dans l\u2019une des nombreuses tavernes et restaurants de la ville et, accompagn\u00e9s d\u2019excellents vins rouges de la r\u00e9gion, de repenser aux \u00e9v\u00e9nements de la journ\u00e9e.<\/p>\n\n\n\n<h2 class=\"wp-block-heading\">Saviez-vous que Robert Louis Stevenson a travers\u00e9 l'Auvergne \u00e0 dos d'\u00e2ne ?<\/h2>\n\n\n\n<figure class=\"wp-block-image size-full\"><img loading=\"lazy\" decoding=\"async\" width=\"187\" height=\"300\" src=\"https:\/\/auvergne.theelthub.com\/wp-content\/uploads\/sites\/5\/2026\/03\/travels-with-donkey1-187x300-1.jpg\" alt=\"\" class=\"wp-image-211\" srcset=\"https:\/\/auvergne.theelthub.com\/wp-content\/uploads\/sites\/5\/2026\/03\/travels-with-donkey1-187x300-1.jpg 187w, https:\/\/auvergne.theelthub.com\/wp-content\/uploads\/sites\/5\/2026\/03\/travels-with-donkey1-187x300-1-7x12.jpg 7w\" sizes=\"auto, (max-width: 187px) 100vw, 187px\" \/><\/figure>\n\n\n\n<p>Quelques mots sur Robert Louis Stevenson\u00a0: n\u00e9 \u00e0 \u00c9dimbourg dans une famille ais\u00e9e, son p\u00e8re \u00e9tait un ing\u00e9nieur renomm\u00e9. De sant\u00e9 fragile, il \u00e9tait r\u00e9guli\u00e8rement emmen\u00e9 par ses parents en excursion \u00e0 la mer et \u00e0 la montagne.<\/p>\n\n\n\n<figure class=\"wp-block-image size-medium\"><img loading=\"lazy\" decoding=\"async\" width=\"188\" height=\"300\" src=\"https:\/\/auvergne.theelthub.com\/wp-content\/uploads\/sites\/5\/2026\/03\/Stevenson_Barnett-188x300.jpg\" alt=\"\" class=\"wp-image-212\" srcset=\"https:\/\/auvergne.theelthub.com\/wp-content\/uploads\/sites\/5\/2026\/03\/Stevenson_Barnett-188x300.jpg 188w, https:\/\/auvergne.theelthub.com\/wp-content\/uploads\/sites\/5\/2026\/03\/Stevenson_Barnett-8x12.jpg 8w, https:\/\/auvergne.theelthub.com\/wp-content\/uploads\/sites\/5\/2026\/03\/Stevenson_Barnett.jpg 488w\" sizes=\"auto, (max-width: 188px) 100vw, 188px\" \/><\/figure>\n\n\n\n<p>Lecteur passionn\u00e9, il d\u00e9couvrit la trilogie auverg\u00e9enne de George Sand, qui avait parcouru \u00e0 plusieurs reprises les terres velaves si bien d\u00e9crites dans ce roman. Ces romans, et en particulier \u00ab\u00a0Le Marquis de Villemer\u00a0\u00bb, dont l\u2019intrigue se d\u00e9roule dans le Puy-en-Velay, lui rappelaient les Highlands d\u2019\u00c9cosse, mais aussi l\u2019histoire des Covenanters des Highlands, dont les exploits avaient marqu\u00e9 son enfance.<\/p>\n\n\n\n<figure class=\"wp-block-image size-large is-resized\"><img loading=\"lazy\" decoding=\"async\" width=\"1024\" height=\"768\" src=\"https:\/\/auvergne.theelthub.com\/wp-content\/uploads\/sites\/5\/2026\/03\/15-ARLEMPDES-1024x768.jpg\" alt=\"\" class=\"wp-image-213\" style=\"width:642px;height:auto\" srcset=\"https:\/\/auvergne.theelthub.com\/wp-content\/uploads\/sites\/5\/2026\/03\/15-ARLEMPDES-1024x768.jpg 1024w, https:\/\/auvergne.theelthub.com\/wp-content\/uploads\/sites\/5\/2026\/03\/15-ARLEMPDES-300x225.jpg 300w, https:\/\/auvergne.theelthub.com\/wp-content\/uploads\/sites\/5\/2026\/03\/15-ARLEMPDES-768x576.jpg 768w, https:\/\/auvergne.theelthub.com\/wp-content\/uploads\/sites\/5\/2026\/03\/15-ARLEMPDES-16x12.jpg 16w, https:\/\/auvergne.theelthub.com\/wp-content\/uploads\/sites\/5\/2026\/03\/15-ARLEMPDES.jpg 1280w\" sizes=\"auto, (max-width: 1024px) 100vw, 1024px\" \/><\/figure>\n\n\n\n<p>Tr\u00e8s t\u00f4t, il fut attir\u00e9 par la litt\u00e9rature, il abandonna ses \u00e9tudes de droit et partit vivre en France o\u00f9 il tomba amoureux de Fanny Osbourne, une peintre am\u00e9ricaine, mais celle-ci dut retourner aux \u00c9tats-Unis\u2026<\/p>\n\n\n\n<p>D\u00e9\u00e7u, m\u00eame s'il ne voulait pas l'admettre, et rompant les liens avec sa famille et ses amis, il partit en 1878 s'isoler \u00e0 Monastier-sur-Gazeille o\u00f9 il explora les lieux, prit des notes et observa\u2026 Au bout d'un mois, il d\u00e9cida d'entreprendre un voyage vers le sud. Pour transporter son \u00e9quipement et ses provisions, il choisit de se faire accompagner d'un \u00e2ne qu'il nomma Modestine\u2026 Et le voil\u00e0 parti pour un p\u00e9riple de douze jours, devenu mythique sous le titre \u00ab Voyage dans les C\u00e9vennes avec un \u00e2ne \u00bb.<\/p>\n\n\n\n<figure class=\"wp-block-image size-full is-resized\"><img loading=\"lazy\" decoding=\"async\" width=\"735\" height=\"523\" src=\"http:\/\/auvergne.theelthub.com\/wp-content\/uploads\/sites\/5\/2026\/03\/13-STEVENSON-DEPART-LE-MONASTIER.jpg\" alt=\"\" class=\"wp-image-214\" style=\"width:643px;height:auto\" srcset=\"https:\/\/auvergne.theelthub.com\/wp-content\/uploads\/sites\/5\/2026\/03\/13-STEVENSON-DEPART-LE-MONASTIER.jpg 735w, https:\/\/auvergne.theelthub.com\/wp-content\/uploads\/sites\/5\/2026\/03\/13-STEVENSON-DEPART-LE-MONASTIER-300x213.jpg 300w, https:\/\/auvergne.theelthub.com\/wp-content\/uploads\/sites\/5\/2026\/03\/13-STEVENSON-DEPART-LE-MONASTIER-18x12.jpg 18w\" sizes=\"auto, (max-width: 735px) 100vw, 735px\" \/><\/figure>\n\n\n\n<p>Un an plus tard, il partira pour la Californie rejoindre son grand amour !<br>Auteur inoubliable de \u00ab L'\u00cele au tr\u00e9sor \u00bb et de \u00ab L'\u00c9trange Cas du Dr Jekyll et de Mr Hyde \u00bb, il mourut en 1894 aux \u00eeles Samoa.<\/p>\n\n\n\n<p>En 1978, un itin\u00e9raire de randonn\u00e9e a \u00e9t\u00e9 cr\u00e9\u00e9 sous le nom de \u00ab\u00a0Stevenson\u2019s Trail\u00a0\u00bb. Ce GR 70, qui arbore les couleurs de l\u2019\u00c9cosse (bleu et blanc), est devenu un sentier de randonn\u00e9e mondialement connu.<\/p>\n\n\n\n<figure class=\"wp-block-image size-full is-resized\"><img loading=\"lazy\" decoding=\"async\" width=\"768\" height=\"794\" src=\"https:\/\/auvergne.theelthub.com\/wp-content\/uploads\/sites\/5\/2026\/03\/Modified-image-1-768x794-1.jpg\" alt=\"\" class=\"wp-image-215\" style=\"width:401px;height:auto\" srcset=\"https:\/\/auvergne.theelthub.com\/wp-content\/uploads\/sites\/5\/2026\/03\/Modified-image-1-768x794-1.jpg 768w, https:\/\/auvergne.theelthub.com\/wp-content\/uploads\/sites\/5\/2026\/03\/Modified-image-1-768x794-1-290x300.jpg 290w, https:\/\/auvergne.theelthub.com\/wp-content\/uploads\/sites\/5\/2026\/03\/Modified-image-1-768x794-1-12x12.jpg 12w\" sizes=\"auto, (max-width: 768px) 100vw, 768px\" \/><\/figure>","protected":false},"excerpt":{"rendered":"<p>The Region The town and the surrounding region People come to the Auvergne for its vast spaces, its beautiful nature and authentic culture. Whether you want to put on your walking boots, canoe down a wild river or just hole up in a country auberge you\u2019ll feel good in the Auvergne. The history of France [&hellip;]<\/p>\n","protected":false},"author":1,"featured_media":0,"parent":0,"menu_order":0,"comment_status":"closed","ping_status":"closed","template":"template-page_no_title","meta":{"footnotes":""},"class_list":["post-45","page","type-page","status-publish","hentry"],"_links":{"self":[{"href":"https:\/\/auvergne.theelthub.com\/fr\/wp-json\/wp\/v2\/pages\/45","targetHints":{"allow":["GET"]}}],"collection":[{"href":"https:\/\/auvergne.theelthub.com\/fr\/wp-json\/wp\/v2\/pages"}],"about":[{"href":"https:\/\/auvergne.theelthub.com\/fr\/wp-json\/wp\/v2\/types\/page"}],"author":[{"embeddable":true,"href":"https:\/\/auvergne.theelthub.com\/fr\/wp-json\/wp\/v2\/users\/1"}],"replies":[{"embeddable":true,"href":"https:\/\/auvergne.theelthub.com\/fr\/wp-json\/wp\/v2\/comments?post=45"}],"version-history":[{"count":6,"href":"https:\/\/auvergne.theelthub.com\/fr\/wp-json\/wp\/v2\/pages\/45\/revisions"}],"predecessor-version":[{"id":216,"href":"https:\/\/auvergne.theelthub.com\/fr\/wp-json\/wp\/v2\/pages\/45\/revisions\/216"}],"wp:attachment":[{"href":"https:\/\/auvergne.theelthub.com\/fr\/wp-json\/wp\/v2\/media?parent=45"}],"curies":[{"name":"wp","href":"https:\/\/api.w.org\/{rel}","templated":true}]}}