{"id":42,"date":"2025-09-22T10:44:36","date_gmt":"2025-09-22T08:44:36","guid":{"rendered":"https:\/\/auvergne.theelthub.com\/?page_id=42"},"modified":"2025-12-29T12:24:23","modified_gmt":"2025-12-29T11:24:23","slug":"hebergements","status":"publish","type":"page","link":"https:\/\/auvergne.theelthub.com\/fr\/hebergements\/","title":{"rendered":"H\u00e9bergements"},"content":{"rendered":"<div class=\"wp-block-group carousel-head-pages has-global-padding is-layout-constrained wp-container-core-group-is-layout-8dd13e6d wp-block-group-is-layout-constrained\" style=\"padding-right:var(--wp--preset--spacing--60);padding-left:var(--wp--preset--spacing--60)\">\n<div class=\"wp-block-gutsliders-photo-carousel gutslider-33494156 nav_outside nav_cc has__pagination\" data-swiper-options=\"{&quot;slidesPerView&quot;:1,&quot;spaceBetween&quot;:0,&quot;loop&quot;:true,&quot;autoplay&quot;:{&quot;delay&quot;:1000,&quot;pauseOnMouseEnter&quot;:true,&quot;stopOnLastSlide&quot;:false,&quot;reverseDirection&quot;:false},&quot;speed&quot;:800,&quot;effect&quot;:&quot;slide&quot;,&quot;keyboard&quot;:{&quot;enabled&quot;:false},&quot;mousewheel&quot;:false,&quot;breakpoints&quot;:{&quot;320&quot;:{&quot;slidesPerView&quot;:1,&quot;spaceBetween&quot;:0},&quot;768&quot;:{&quot;slidesPerView&quot;:2,&quot;spaceBetween&quot;:15},&quot;1025&quot;:{&quot;slidesPerView&quot;:&quot;1&quot;,&quot;spaceBetween&quot;:15}},&quot;navigation&quot;:{&quot;nextEl&quot;:&quot;.gutslider-33494156 .swiper-button-next&quot;,&quot;prevEl&quot;:&quot;.gutslider-33494156 .swiper-button-prev&quot;},&quot;pagination&quot;:{&quot;el&quot;:&quot;.gutslider-33494156 .swiper-pagination&quot;,&quot;type&quot;:&quot;bullets&quot;,&quot;dynamicBullets&quot;:false,&quot;clickable&quot;:true}}\"><div class=\"swiper\"><div class=\"swiper-wrapper\"><div class=\"swiper-slide\"><div class=\"swiper-container-outer none\"><img decoding=\"async\" src=\"http:\/\/auvergne.theelthub.com\/wp-content\/uploads\/sites\/5\/2025\/09\/Accommodation-3.jpg\" alt=\"Accomodation en Auvergne\"\/><\/div><\/div><div class=\"swiper-slide\"><div class=\"swiper-container-outer none\"><img decoding=\"async\" src=\"http:\/\/auvergne.theelthub.com\/wp-content\/uploads\/sites\/5\/2025\/09\/Accommodation-4.jpg\" alt=\"Accomodation en Auvergne\"\/><\/div><\/div><div class=\"swiper-slide\"><div class=\"swiper-container-outer none\"><img decoding=\"async\" src=\"http:\/\/auvergne.theelthub.com\/wp-content\/uploads\/sites\/5\/2025\/09\/Accommodation-6.jpg\" alt=\"Accomodation en Auvergne\"\/><\/div><\/div><div class=\"swiper-slide\"><div class=\"swiper-container-outer none\"><img decoding=\"async\" src=\"http:\/\/auvergne.theelthub.com\/wp-content\/uploads\/sites\/5\/2025\/09\/Accommodation-7.jpg\" alt=\"Accomodation en Auvergne\"\/><\/div><\/div><div class=\"swiper-slide\"><div class=\"swiper-container-outer none\"><img decoding=\"async\" src=\"http:\/\/auvergne.theelthub.com\/wp-content\/uploads\/sites\/5\/2025\/09\/Welcome-2.jpg\" alt=\"Accomodation en Auvergne\"\/><\/div><\/div><div class=\"swiper-slide\"><div class=\"swiper-container-outer none\"><img decoding=\"async\" src=\"http:\/\/auvergne.theelthub.com\/wp-content\/uploads\/sites\/5\/2025\/09\/Accommodation-1-scaled-1.jpg\" alt=\"Accomodation en Auvergne\"\/><\/div><\/div><\/div><\/div><div class=\"swiper-pagination\"><\/div><div class=\"gutslider-nav nav_outside nav_cc\"><div class=\"swiper-button-prev\"><\/div><div class=\"swiper-button-next\"><\/div><\/div><\/div>\n<\/div>\n\n\n\n<h1 class=\"wp-block-heading has-text-align-center\" style=\"margin-top:var(--wp--preset--spacing--60);margin-bottom:var(--wp--preset--spacing--50)\">H\u00e9bergements<\/h1>\n\n\n\n<p>Nous proposons deux types d\u2019h\u00e9bergement au Puy-en-Velay : des chambres dans un appartement au sein de l\u2019\u00e9cole, \u00e0 un \u00e9tage des salles de cours, ou des chambres chez l\u2019habitant.<\/p>\n\n\n\n<p>L\u2019appartement est une occasion unique de vivre dans un lieu empreint du charme d\u2019antan. Accessible par un escalier en colima\u00e7on en pierre, il comprend des chambres individuelles simples et r\u00e9cemment r\u00e9nov\u00e9es avec lavabo, un salon\/salle \u00e0 manger commun, une cuisine et deux salles de douche. Outre une vue imprenable, vous pourrez partager des soir\u00e9es avec vos coll\u00e8gues du CELTA, ce qui est tr\u00e8s appr\u00e9ciable pour de nombreux candidats lors d\u2019un cours aussi intensif. Le Wi-Fi est disponible. Deux des chambres sont un peu \u00e0 l\u2019\u00e9cart et disposent d\u2019une salle de bain privative. Les prix varient entre 300 et 350 euros pour les cinq semaines.<\/p>\n\n\n\n<p>En famille d\u2019accueil, vous \u00eates \u00e0 quelques pas de l\u2019\u00e9cole, \u00e0 pied ou \u00e0 v\u00e9lo, et vous disposez de votre propre chambre, de la cuisine de vos h\u00f4tes et de leur acc\u00e8s Wi-Fi. Le prix est g\u00e9n\u00e9ralement compris entre 400 \u20ac et 600 \u20ac pour les cinq semaines de votre s\u00e9jour, selon les \u00e9quipements disponibles.<\/p>","protected":false},"excerpt":{"rendered":"<p>Accommodations We have two types of accommodation in Puy en Velay: rooms in an apartment within the school, only a floor away from the teaching rooms, or rooms with our local host families. The apartment is a unique opportunity to live somewhere full of old French charm. It is reached by an stone spiral stairway, [&hellip;]<\/p>\n","protected":false},"author":1,"featured_media":0,"parent":0,"menu_order":0,"comment_status":"closed","ping_status":"closed","template":"template-page_no_title","meta":{"footnotes":""},"class_list":["post-42","page","type-page","status-publish","hentry"],"_links":{"self":[{"href":"https:\/\/auvergne.theelthub.com\/fr\/wp-json\/wp\/v2\/pages\/42","targetHints":{"allow":["GET"]}}],"collection":[{"href":"https:\/\/auvergne.theelthub.com\/fr\/wp-json\/wp\/v2\/pages"}],"about":[{"href":"https:\/\/auvergne.theelthub.com\/fr\/wp-json\/wp\/v2\/types\/page"}],"author":[{"embeddable":true,"href":"https:\/\/auvergne.theelthub.com\/fr\/wp-json\/wp\/v2\/users\/1"}],"replies":[{"embeddable":true,"href":"https:\/\/auvergne.theelthub.com\/fr\/wp-json\/wp\/v2\/comments?post=42"}],"version-history":[{"count":5,"href":"https:\/\/auvergne.theelthub.com\/fr\/wp-json\/wp\/v2\/pages\/42\/revisions"}],"predecessor-version":[{"id":201,"href":"https:\/\/auvergne.theelthub.com\/fr\/wp-json\/wp\/v2\/pages\/42\/revisions\/201"}],"wp:attachment":[{"href":"https:\/\/auvergne.theelthub.com\/fr\/wp-json\/wp\/v2\/media?parent=42"}],"curies":[{"name":"wp","href":"https:\/\/api.w.org\/{rel}","templated":true}]}}