{"id":40,"date":"2025-09-22T10:42:54","date_gmt":"2025-09-22T08:42:54","guid":{"rendered":"https:\/\/auvergne.theelthub.com\/?page_id=40"},"modified":"2025-12-29T12:23:15","modified_gmt":"2025-12-29T11:23:15","slug":"le-centre","status":"publish","type":"page","link":"https:\/\/auvergne.theelthub.com\/fr\/le-centre\/","title":{"rendered":"Le Centre"},"content":{"rendered":"<div class=\"wp-block-group carousel-head-pages has-global-padding is-layout-constrained wp-container-core-group-is-layout-8dd13e6d wp-block-group-is-layout-constrained\" style=\"padding-right:var(--wp--preset--spacing--60);padding-left:var(--wp--preset--spacing--60)\">\n<div class=\"wp-block-gutsliders-photo-carousel gutslider-20e8b1ed nav_outside nav_cc has__pagination\" data-swiper-options=\"{&quot;slidesPerView&quot;:1,&quot;spaceBetween&quot;:0,&quot;loop&quot;:true,&quot;autoplay&quot;:{&quot;delay&quot;:1000,&quot;pauseOnMouseEnter&quot;:true,&quot;stopOnLastSlide&quot;:false,&quot;reverseDirection&quot;:false},&quot;speed&quot;:800,&quot;effect&quot;:&quot;slide&quot;,&quot;keyboard&quot;:{&quot;enabled&quot;:false},&quot;mousewheel&quot;:false,&quot;breakpoints&quot;:{&quot;320&quot;:{&quot;slidesPerView&quot;:1,&quot;spaceBetween&quot;:0},&quot;768&quot;:{&quot;slidesPerView&quot;:2,&quot;spaceBetween&quot;:15},&quot;1025&quot;:{&quot;slidesPerView&quot;:&quot;1&quot;,&quot;spaceBetween&quot;:15}},&quot;navigation&quot;:{&quot;nextEl&quot;:&quot;.gutslider-20e8b1ed .swiper-button-next&quot;,&quot;prevEl&quot;:&quot;.gutslider-20e8b1ed .swiper-button-prev&quot;},&quot;pagination&quot;:{&quot;el&quot;:&quot;.gutslider-20e8b1ed .swiper-pagination&quot;,&quot;type&quot;:&quot;bullets&quot;,&quot;dynamicBullets&quot;:false,&quot;clickable&quot;:true}}\"><div class=\"swiper\"><div class=\"swiper-wrapper\"><div class=\"swiper-slide\"><div class=\"swiper-container-outer none\"><img decoding=\"async\" src=\"http:\/\/auvergne.theelthub.com\/wp-content\/uploads\/sites\/5\/2025\/12\/Empty-classroom-Le-Foyer.jpg\" alt=\"\"\/><\/div><\/div><div class=\"swiper-slide\"><div class=\"swiper-container-outer none\"><img decoding=\"async\" src=\"http:\/\/auvergne.theelthub.com\/wp-content\/uploads\/sites\/5\/2025\/12\/Entree-le-Foyer.webp\" alt=\"\"\/><\/div><\/div><div class=\"swiper-slide\"><div class=\"swiper-container-outer none\"><img decoding=\"async\" src=\"http:\/\/auvergne.theelthub.com\/wp-content\/uploads\/sites\/5\/2025\/12\/Photo-of-garden-Le-Foyer.webp\" alt=\"\"\/><\/div><\/div><div class=\"swiper-slide\"><div class=\"swiper-container-outer none\"><img decoding=\"async\" src=\"http:\/\/auvergne.theelthub.com\/wp-content\/uploads\/sites\/5\/2025\/12\/Terrace-Le-Foyer.jpg\" alt=\"\"\/><\/div><\/div><div class=\"swiper-slide\"><div class=\"swiper-container-outer none\"><img decoding=\"async\" src=\"http:\/\/auvergne.theelthub.com\/wp-content\/uploads\/sites\/5\/2025\/12\/class-in-action-Le-Foyer-scaled.jpg\" alt=\"\"\/><\/div><\/div><div class=\"swiper-slide\"><div class=\"swiper-container-outer none\"><img decoding=\"async\" src=\"http:\/\/auvergne.theelthub.com\/wp-content\/uploads\/sites\/5\/2025\/12\/eating-area-Le-Foyer.jpg\" alt=\"\"\/><\/div><\/div><\/div><\/div><div class=\"swiper-pagination\"><\/div><div class=\"gutslider-nav nav_outside nav_cc\"><div class=\"swiper-button-prev\"><\/div><div class=\"swiper-button-next\"><\/div><\/div><\/div>\n<\/div>\n\n\n\n<h1 class=\"wp-block-heading has-text-align-center\" style=\"margin-top:var(--wp--preset--spacing--60);margin-bottom:var(--wp--preset--spacing--50)\">Le Centre<\/h1>\n\n\n\n<p>Nous avons \u00e9tabli un partenariat avec le Foyer du Consulat \u00bb, situ\u00e9 au centre de la ville du Puy-en-Velay. Cet \u00e9tablissement, cr\u00e9\u00e9 en 1957, avait pour mission \u00e0 l\u2019origine, l\u2019accueil de jeunes filles en leur proposant un logement s\u00e9curis\u00e9 avec un accompagnement afin qu\u2019elles puissent \u00e9tudier et travailler. Depuis 2023, gr\u00e2ce \u00e0 la r\u00e9habilitation totale de ses locaux ainsi qu\u2019\u00e0 un projet socio-\u00e9ducatif complet et adapt\u00e9 aux jeunes, \u00ab Le Consulat \u00bb a \u00e9t\u00e9 agr\u00e9\u00e9 \u00ab Foyer de Jeunes Travailleurs \u00bb. Logements, salle de spectacles, salons, caf\u00e9t\u00e9ria et salles am\u00e9nag\u00e9es forment un ensemble qui participe activement \u00e0 l\u2019animation et \u00e0 l\u2019ouverture du Foyer au niveau de son territoire.<\/p>","protected":false},"excerpt":{"rendered":"<p>The Centre We have established a partnership with the Foyer du Consulat, located in the center of Le Puy-en-Velay. Founded in 1957, this establishment originally aimed to provide young women with secure housing and support so they could study and work. Since 2023, thanks to the complete renovation of its premises and a comprehensive socio-educational [&hellip;]<\/p>\n","protected":false},"author":1,"featured_media":0,"parent":0,"menu_order":0,"comment_status":"closed","ping_status":"closed","template":"template-page_no_title","meta":{"footnotes":""},"class_list":["post-40","page","type-page","status-publish","hentry"],"_links":{"self":[{"href":"https:\/\/auvergne.theelthub.com\/fr\/wp-json\/wp\/v2\/pages\/40","targetHints":{"allow":["GET"]}}],"collection":[{"href":"https:\/\/auvergne.theelthub.com\/fr\/wp-json\/wp\/v2\/pages"}],"about":[{"href":"https:\/\/auvergne.theelthub.com\/fr\/wp-json\/wp\/v2\/types\/page"}],"author":[{"embeddable":true,"href":"https:\/\/auvergne.theelthub.com\/fr\/wp-json\/wp\/v2\/users\/1"}],"replies":[{"embeddable":true,"href":"https:\/\/auvergne.theelthub.com\/fr\/wp-json\/wp\/v2\/comments?post=40"}],"version-history":[{"count":7,"href":"https:\/\/auvergne.theelthub.com\/fr\/wp-json\/wp\/v2\/pages\/40\/revisions"}],"predecessor-version":[{"id":200,"href":"https:\/\/auvergne.theelthub.com\/fr\/wp-json\/wp\/v2\/pages\/40\/revisions\/200"}],"wp:attachment":[{"href":"https:\/\/auvergne.theelthub.com\/fr\/wp-json\/wp\/v2\/media?parent=40"}],"curies":[{"name":"wp","href":"https:\/\/api.w.org\/{rel}","templated":true}]}}