{"id":38,"date":"2025-09-22T10:40:33","date_gmt":"2025-09-22T08:40:33","guid":{"rendered":"https:\/\/auvergne.theelthub.com\/?page_id=38"},"modified":"2025-12-29T16:04:23","modified_gmt":"2025-12-29T15:04:23","slug":"elt-auvergne","status":"publish","type":"page","link":"https:\/\/auvergne.theelthub.com\/fr\/","title":{"rendered":"The ELT Auvergne"},"content":{"rendered":"<div class=\"wp-block-group carousel-head-pages has-global-padding is-layout-constrained wp-container-core-group-is-layout-8dd13e6d wp-block-group-is-layout-constrained\" style=\"padding-right:var(--wp--preset--spacing--60);padding-left:var(--wp--preset--spacing--60)\">\n<div class=\"wp-block-gutsliders-photo-carousel gutslider-c993f1bb nav_outside nav_cc has__pagination\" data-swiper-options=\"{&quot;slidesPerView&quot;:1,&quot;spaceBetween&quot;:0,&quot;loop&quot;:true,&quot;autoplay&quot;:{&quot;delay&quot;:1000,&quot;pauseOnMouseEnter&quot;:true,&quot;stopOnLastSlide&quot;:false,&quot;reverseDirection&quot;:false},&quot;speed&quot;:800,&quot;effect&quot;:&quot;slide&quot;,&quot;keyboard&quot;:{&quot;enabled&quot;:false},&quot;mousewheel&quot;:false,&quot;breakpoints&quot;:{&quot;320&quot;:{&quot;slidesPerView&quot;:1,&quot;spaceBetween&quot;:0},&quot;768&quot;:{&quot;slidesPerView&quot;:2,&quot;spaceBetween&quot;:15},&quot;1025&quot;:{&quot;slidesPerView&quot;:&quot;1&quot;,&quot;spaceBetween&quot;:15}},&quot;navigation&quot;:{&quot;nextEl&quot;:&quot;.gutslider-c993f1bb .swiper-button-next&quot;,&quot;prevEl&quot;:&quot;.gutslider-c993f1bb .swiper-button-prev&quot;},&quot;pagination&quot;:{&quot;el&quot;:&quot;.gutslider-c993f1bb .swiper-pagination&quot;,&quot;type&quot;:&quot;bullets&quot;,&quot;dynamicBullets&quot;:false,&quot;clickable&quot;:true}}\"><div class=\"swiper\"><div class=\"swiper-wrapper\"><div class=\"swiper-slide\"><div class=\"swiper-container-outer none\"><img decoding=\"async\" src=\"http:\/\/auvergne.theelthub.com\/wp-content\/uploads\/sites\/5\/2025\/09\/puy-de-lumieres-en-velay_auvergne_feature4.jpg\" alt=\"ELT Auvergne\"\/><\/div><\/div><div class=\"swiper-slide\"><div class=\"swiper-container-outer none\"><img decoding=\"async\" src=\"http:\/\/auvergne.theelthub.com\/wp-content\/uploads\/sites\/5\/2025\/09\/rafting-sur-lallier-le-puy-en-velay_auvergne_feature3.jpg\" alt=\"ELT Auvergne\"\/><\/div><\/div><div class=\"swiper-slide\"><div class=\"swiper-container-outer none\"><img decoding=\"async\" src=\"http:\/\/auvergne.theelthub.com\/wp-content\/uploads\/sites\/5\/2025\/09\/raquette-aux-estables-le-mezenc_auvergne_feature2.jpg\" alt=\"ELT Auvergne\"\/><\/div><\/div><div class=\"swiper-slide\"><div class=\"swiper-container-outer none\"><img decoding=\"async\" src=\"http:\/\/auvergne.theelthub.com\/wp-content\/uploads\/sites\/5\/2025\/09\/auvergne_feature5.jpg\" alt=\"ELT Auvergne\"\/><\/div><\/div><div class=\"swiper-slide\"><div class=\"swiper-container-outer none\"><img decoding=\"async\" src=\"http:\/\/auvergne.theelthub.com\/wp-content\/uploads\/sites\/5\/2025\/09\/auvergne_feature6.jpg\" alt=\"ELT Auvergne\"\/><\/div><\/div><div class=\"swiper-slide\"><div class=\"swiper-container-outer none\"><img decoding=\"async\" src=\"http:\/\/auvergne.theelthub.com\/wp-content\/uploads\/sites\/5\/2025\/09\/auvergne_feature7.jpg\" alt=\"ELT Auvergne\"\/><\/div><\/div><div class=\"swiper-slide\"><div class=\"swiper-container-outer none\"><img decoding=\"async\" src=\"http:\/\/auvergne.theelthub.com\/wp-content\/uploads\/sites\/5\/2025\/09\/auvergne_feature8.jpg\" alt=\"ELT Auvergne\"\/><\/div><\/div><div class=\"swiper-slide\"><div class=\"swiper-container-outer none\"><img decoding=\"async\" src=\"http:\/\/auvergne.theelthub.com\/wp-content\/uploads\/sites\/5\/2025\/09\/auvergne_feature9.jpg\" alt=\"ELT Auvergne\"\/><\/div><\/div><div class=\"swiper-slide\"><div class=\"swiper-container-outer none\"><img decoding=\"async\" src=\"http:\/\/auvergne.theelthub.com\/wp-content\/uploads\/sites\/5\/2025\/09\/auvergne_feature10.jpg\" alt=\"ELT Auvergne\"\/><\/div><\/div><div class=\"swiper-slide\"><div class=\"swiper-container-outer none\"><img decoding=\"async\" src=\"http:\/\/auvergne.theelthub.com\/wp-content\/uploads\/sites\/5\/2025\/09\/auvergne_feature1.jpg\" alt=\"ELT Auvergne\"\/><\/div><\/div><\/div><\/div><div class=\"swiper-pagination\"><\/div><div class=\"gutslider-nav nav_outside nav_cc\"><div class=\"swiper-button-prev\"><\/div><div class=\"swiper-button-next\"><\/div><\/div><\/div>\n<\/div>\n\n\n\n<h1 class=\"wp-block-heading has-text-align-center\" style=\"margin-top:var(--wp--preset--spacing--60);margin-bottom:var(--wp--preset--spacing--50)\">Choisir la r\u00e9gion Auvergne et le Puy-en-Velay pour votre CELTA<\/h1>\n\n\n\n<p class=\"has-text-align-center\"><\/p>\n\n\n\n<p>D\u2019apr\u00e8s notre exp\u00e9rience, quelques ingr\u00e9dients sont essentiels \u00e0 la r\u00e9ussite de votre exp\u00e9rience CELTA : ma\u00eetriser votre stress, vous assurer d\u2019\u00eatre entour\u00e9 d\u2019une \u00e9quipe serviable et sympathique, et prendre le temps, lorsque c\u2019est possible, de profiter du cadre et de bien manger. C\u2019est pourquoi nous avons d\u00e9cid\u00e9 d\u2019ouvrir un centre CELTA en Auvergne, une r\u00e9gion extraordinaire riche d\u2019histoire m\u00e9di\u00e9vale, de sites magnifiques et d\u2019une gastronomie raffin\u00e9e. Forts du succ\u00e8s de notre formation CELTA \u00ab slow \u00bb de cinq semaines en Bretagne, nous avons d\u00e9cid\u00e9 de reproduire cette id\u00e9e dans notre nouveau centre en Auvergne. Avec la formation CELTA de cinq semaines, vous disposez de 12 jours gratuits pour pr\u00e9parer vos cours et vos devoirs, contre seulement 6 pour la formation de quatre semaines. L\u2019exp\u00e9rience est ainsi beaucoup moins stressante et vous avez le temps d\u2019explorer et de profiter de la beaut\u00e9 de la r\u00e9gion.<\/p>\n\n\n\n<p>Nous avons \u00e9tabli un partenariat avec le Foyer du Consulat \u00bb, situ\u00e9 au centre de la ville du Puy-en-Velay. Cet \u00e9tablissement, cr\u00e9\u00e9 en 1957, avait pour mission \u00e0 l\u2019origine, l\u2019accueil de jeunes filles en leur proposant un logement s\u00e9curis\u00e9 avec un accompagnement afin qu\u2019elles puissent \u00e9tudier et travailler. Depuis 2023, gr\u00e2ce \u00e0 la r\u00e9habilitation totale de ses locaux ainsi qu\u2019\u00e0 un projet socio-\u00e9ducatif complet et adapt\u00e9 aux jeunes, \u00ab Le Consulat \u00bb a \u00e9t\u00e9 agr\u00e9\u00e9 \u00ab Foyer de Jeunes Travailleurs \u00bb. Logements, salle de spectacles, salons, caf\u00e9t\u00e9ria et salles am\u00e9nag\u00e9es forment un ensemble qui participe activement \u00e0 l\u2019animation et \u00e0 l\u2019ouverture du Foyer au niveau de son territoire.<\/p>","protected":false},"excerpt":{"rendered":"<p>Choosing the Auvergne region and Puy-en-Velay for your CELTA In our experience there are a few essential ingredients for the success of your CELTA experience: keeping your level of stress down, making sure you are surrounded by a group of helpful, friendly people and taking time when possible to enjoy your surroundings and eat good [&hellip;]<\/p>\n","protected":false},"author":1,"featured_media":0,"parent":0,"menu_order":0,"comment_status":"closed","ping_status":"closed","template":"template-page_no_title","meta":{"footnotes":""},"class_list":["post-38","page","type-page","status-publish","hentry"],"_links":{"self":[{"href":"https:\/\/auvergne.theelthub.com\/fr\/wp-json\/wp\/v2\/pages\/38","targetHints":{"allow":["GET"]}}],"collection":[{"href":"https:\/\/auvergne.theelthub.com\/fr\/wp-json\/wp\/v2\/pages"}],"about":[{"href":"https:\/\/auvergne.theelthub.com\/fr\/wp-json\/wp\/v2\/types\/page"}],"author":[{"embeddable":true,"href":"https:\/\/auvergne.theelthub.com\/fr\/wp-json\/wp\/v2\/users\/1"}],"replies":[{"embeddable":true,"href":"https:\/\/auvergne.theelthub.com\/fr\/wp-json\/wp\/v2\/comments?post=38"}],"version-history":[{"count":14,"href":"https:\/\/auvergne.theelthub.com\/fr\/wp-json\/wp\/v2\/pages\/38\/revisions"}],"predecessor-version":[{"id":206,"href":"https:\/\/auvergne.theelthub.com\/fr\/wp-json\/wp\/v2\/pages\/38\/revisions\/206"}],"wp:attachment":[{"href":"https:\/\/auvergne.theelthub.com\/fr\/wp-json\/wp\/v2\/media?parent=38"}],"curies":[{"name":"wp","href":"https:\/\/api.w.org\/{rel}","templated":true}]}}